{"id":6933,"date":"2023-02-26T10:34:59","date_gmt":"2023-02-26T10:34:59","guid":{"rendered":"https:\/\/almanda.fi\/?page_id=6933"},"modified":"2024-08-06T15:48:17","modified_gmt":"2024-08-06T12:48:17","slug":"palvelut","status":"publish","type":"page","link":"https:\/\/almanda.fi\/sv\/palvelut\/","title":{"rendered":"Tj\u00e4nster"},"content":{"rendered":"<p>[et_pb_section fb_built=&#8221;1&#8243; custom_padding_last_edited=&#8221;on|phone&#8221; admin_label=&#8221;Canvas FAQ #1 Light&#8221; module_class=&#8221;canvas-faq-1 canvas-light&#8221; _builder_version=&#8221;4.19.1&#8243; _module_preset=&#8221;default&#8221; custom_padding=&#8221;120px||120px||true|false&#8221; custom_padding_tablet=&#8221;100px||100px||true|false&#8221; custom_padding_phone=&#8221;60px||60px||true|false&#8221; overflow-x_tablet=&#8221;&#8221; overflow-x_phone=&#8221;&#8221; overflow-x_last_edited=&#8221;on|desktop&#8221; locked=&#8221;off&#8221; collapsed=&#8221;off&#8221; global_colors_info=&#8221;{}&#8221;][et_pb_row column_structure=&#8221;2_3,1_3&#8243; _builder_version=&#8221;4.19.5&#8243; _module_preset=&#8221;default&#8221; width=&#8221;90%&#8221; width_tablet=&#8221;90%&#8221; width_phone=&#8221;80%&#8221; width_last_edited=&#8221;on|phone&#8221; custom_padding=&#8221;0px||0px||true|false&#8221; global_colors_info=&#8221;{}&#8221;][et_pb_column type=&#8221;2_3&#8243; _builder_version=&#8221;4.19.1&#8243; _module_preset=&#8221;default&#8221; custom_padding=&#8221;|10%|||false|false&#8221; custom_padding_tablet=&#8221;|10%|||false|false&#8221; custom_padding_phone=&#8221;|0%|||false|false&#8221; custom_padding_last_edited=&#8221;on|phone&#8221; global_colors_info=&#8221;{}&#8221;][et_pb_text module_class=&#8221;canvas-text&#8221; _builder_version=&#8221;4.19.5&#8243; _module_preset=&#8221;default&#8221; text_font=&#8221;Figtree||||||||&#8221; text_line_height=&#8221;1.8em&#8221; link_font=&#8221;||||on|||#363844|&#8221; link_text_color=&#8221;#363844&#8243; header_font=&#8221;||||||||&#8221; header_font_size=&#8221;48px&#8221; header_line_height=&#8221;1.1em&#8221; header_2_font=&#8221;Bitter|700|||||||&#8221; header_2_font_size=&#8221;40px&#8221; header_2_line_height=&#8221;1.2em&#8221; header_3_font=&#8221;Bitter|700|||||||&#8221; header_3_font_size=&#8221;32px&#8221; header_3_line_height=&#8221;1.2em&#8221; header_4_font=&#8221;Bitter|700|||||||&#8221; header_4_font_size=&#8221;24px&#8221; header_4_line_height=&#8221;1.4em&#8221; header_5_font=&#8221;Figtree|700||on|||||&#8221; header_5_font_size=&#8221;18px&#8221; header_5_letter_spacing=&#8221;0.05em&#8221; header_6_font=&#8221;Figtree|700|||||||&#8221; header_6_text_color=&#8221;#F42279&#8243; header_6_font_size=&#8221;18px&#8221; max_width=&#8221;800px&#8221; max_width_tablet=&#8221;650px&#8221; max_width_phone=&#8221;400px&#8221; max_width_last_edited=&#8221;on|phone&#8221; text_font_size_tablet=&#8221;17px&#8221; text_font_size_phone=&#8221;16px&#8221; text_font_size_last_edited=&#8221;on|phone&#8221; header_font_size_tablet=&#8221;44px&#8221; header_font_size_phone=&#8221;38px&#8221; header_font_size_last_edited=&#8221;on|phone&#8221; header_2_font_size_tablet=&#8221;38px&#8221; header_2_font_size_phone=&#8221;32px&#8221; header_2_font_size_last_edited=&#8221;on|desktop&#8221; header_3_font_size_tablet=&#8221;28px&#8221; header_3_font_size_phone=&#8221;22px&#8221; header_3_font_size_last_edited=&#8221;on|desktop&#8221; header_4_font_size_tablet=&#8221;22px&#8221; header_4_font_size_phone=&#8221;20px&#8221; header_4_font_size_last_edited=&#8221;on|phone&#8221; header_5_font_size_tablet=&#8221;16px&#8221; header_5_font_size_phone=&#8221;14px&#8221; header_5_font_size_last_edited=&#8221;on|phone&#8221; header_6_font_size_tablet=&#8221;16px&#8221; header_6_font_size_phone=&#8221;15px&#8221; header_6_font_size_last_edited=&#8221;on|desktop&#8221; border_color_left=&#8221;RGBA(54,56,68,0.1)&#8221; global_colors_info=&#8221;{}&#8221; link_text_color__hover=&#8221;#363844&#8243; link_text_color__hover_enabled=&#8221;on|hover&#8221;]<\/p>\n<h1>Palvelut<\/h1>\n<p>[\/et_pb_text][et_pb_text _builder_version=&#8221;4.19.5&#8243; _module_preset=&#8221;default&#8221; text_line_height=&#8221;1.8em&#8221; global_colors_info=&#8221;{}&#8221;]<\/p>\n<p>Meilt\u00e4 saat profiili ja ty\u00f6vaatteet, yrityslahjat, mainostuotteet, messutuotteet ym. yrityksesi ilmeell\u00e4. Tutustu kattavaan valikoimaamme katalogeista, tutustu alla oleviin palveluihimme tai ota yhteytt\u00e4. Me autamme l\u00f6yt\u00e4m\u00e4\u00e4n sopivat tuotteet vahvistamaan br\u00e4ndi\u00e4si!<\/p>\n<p>[\/et_pb_text][et_pb_toggle title=&#8221;Erikoismuotoilu&#8221; open_toggle_text_color=&#8221;#000000&#8243; open_toggle_background_color=&#8221;RGBA(255,255,255,0)&#8221; closed_toggle_background_color=&#8221;RGBA(255,255,255,0)&#8221; icon_color=&#8221;#2AAA00&#8243; toggle_icon=&#8221;&#xf063;||fa||900&#8243; open_icon_color=&#8221;#2AAA00&#8243; open_toggle_icon=&#8221;&#xf062;||fa||900&#8243; _builder_version=&#8221;4.19.5&#8243; _module_preset=&#8221;default&#8221; title_text_color=&#8221;#000000&#8243; title_level=&#8221;h2&#8243; title_font=&#8221;||||||||&#8221; body_font=&#8221;Figtree||||||||&#8221; body_line_height=&#8221;1.8em&#8221; custom_margin=&#8221;||0px||false|false&#8221; custom_padding=&#8221;|0px||0px|false|true&#8221; title_font_size_tablet=&#8221;26px&#8221; title_font_size_last_edited=&#8221;off|phone&#8221; body_font_size_tablet=&#8221;17px&#8221; body_font_size_phone=&#8221;16px&#8221; body_font_size_last_edited=&#8221;on|desktop&#8221; border_width_all=&#8221;0px&#8221; border_width_bottom=&#8221;2px&#8221; border_color_bottom=&#8221;rgba(0,0,0,0.1)&#8221; locked=&#8221;off&#8221; global_colors_info=&#8221;{}&#8221;]<\/p>\n<p>Kauttamme voit tilata tuotteita jotka olet itse suunnitellut. L\u00f6yd\u00e4t valikoimastamme useammat tuotteet; lippikset, laukut, pinssit, solmioneulat jne., jos tuotetta ei l\u00f6ydy voimme valmistaa sen sinulle mallin mukaan. Erikoismuotoilu on halvin vaihtoehto kun tarvitaan iso m\u00e4\u00e4r\u00e4 tuotteita.<\/p>\n<p>Erikoismuotoilu ei ole vaikeaa eik\u00e4 kallista. Me Almandassa autamme sinua luonnoksesta lopputuotteeseen. Ota yhteytt\u00e4 niin kerromme lis\u00e4\u00e4.<\/p>\n<p>[\/et_pb_toggle][et_pb_toggle title=&#8221;Kudotut merkit&#8221; open_toggle_text_color=&#8221;#000000&#8243; open_toggle_background_color=&#8221;RGBA(255,255,255,0)&#8221; closed_toggle_background_color=&#8221;RGBA(255,255,255,0)&#8221; icon_color=&#8221;#2AAA00&#8243; toggle_icon=&#8221;&#xf063;||fa||900&#8243; open_icon_color=&#8221;#2AAA00&#8243; open_toggle_icon=&#8221;&#xf062;||fa||900&#8243; _builder_version=&#8221;4.19.5&#8243; _module_preset=&#8221;default&#8221; title_text_color=&#8221;#000000&#8243; title_level=&#8221;h2&#8243; title_font=&#8221;||||||||&#8221; body_font=&#8221;Figtree||||||||&#8221; body_line_height=&#8221;1.8em&#8221; custom_margin=&#8221;||0px||false|false&#8221; custom_padding=&#8221;|0px||0px|false|true&#8221; title_font_size_tablet=&#8221;&#8221; title_font_size_phone=&#8221;&#8221; title_font_size_last_edited=&#8221;on|desktop&#8221; body_font_size_tablet=&#8221;17px&#8221; body_font_size_phone=&#8221;16px&#8221; body_font_size_last_edited=&#8221;on|desktop&#8221; border_width_all=&#8221;0px&#8221; border_width_bottom=&#8221;2px&#8221; border_color_bottom=&#8221;rgba(0,0,0,0.1)&#8221; locked=&#8221;off&#8221; global_colors_info=&#8221;{}&#8221;]<\/p>\n<p>Kudottu merkki\/etiketti on monipuolinen ja tyylik\u00e4s tapa yksil\u00f6id\u00e4 erilaiset tekstiilituotteet. Merkill\u00e4 saadan esille my\u00f6s pienet yksityiskohdat logossa. Kudotut merkit tehd\u00e4\u00e4n miss\u00e4 muodossa tahansa ja itsekiinnittyv\u00e4ll\u00e4 takasivulla. Merkit ommellaan tai painetaan tuotteiseen. Valikoimassamme on my\u00f6s kudottu merkki itsekiinnittyv\u00e4ll\u00e4 takasivulla joka sopii my\u00f6s kovien tuotteiden, esim. posliini, metalli tai muovi, merkkaamiseen.<\/p>\n<p>[\/et_pb_toggle][et_pb_toggle title=&#8221;Brodeeraus&#8221; open_toggle_text_color=&#8221;#000000&#8243; open_toggle_background_color=&#8221;RGBA(255,255,255,0)&#8221; closed_toggle_background_color=&#8221;RGBA(255,255,255,0)&#8221; icon_color=&#8221;#2AAA00&#8243; toggle_icon=&#8221;&#xf063;||fa||900&#8243; open_icon_color=&#8221;#2AAA00&#8243; open_toggle_icon=&#8221;&#xf062;||fa||900&#8243; _builder_version=&#8221;4.19.5&#8243; _module_preset=&#8221;default&#8221; title_text_color=&#8221;#000000&#8243; title_level=&#8221;h2&#8243; title_font=&#8221;||||||||&#8221; body_font=&#8221;Figtree||||||||&#8221; body_line_height=&#8221;1.8em&#8221; custom_margin=&#8221;||0px||false|false&#8221; custom_padding=&#8221;|0px||0px|false|true&#8221; body_font_size_tablet=&#8221;17px&#8221; body_font_size_phone=&#8221;16px&#8221; body_font_size_last_edited=&#8221;on|desktop&#8221; border_width_all=&#8221;0px&#8221; border_width_bottom=&#8221;2px&#8221; border_color_bottom=&#8221;rgba(0,0,0,0.1)&#8221; locked=&#8221;off&#8221; global_colors_info=&#8221;{}&#8221;]<\/p>\n<p>Brodeeraus eli kirjailu tarkoittaa, ett\u00e4 brodeeraamme tekstin tai logonne suoraan vaatteeseen. Voimme my\u00f6s valmistaa brodeeratun merkin, joka ommellaan tai liimataan kiinni tuotteeseen. Brodeeraus on kest\u00e4v\u00e4 ja lopputulos on n\u00e4ytt\u00e4v\u00e4. Brodeeraus sopii erinomaisesti tekstiilien merkkaamiseen esim. fleece, lippikset, frotee y.m.<\/p>\n<p>[\/et_pb_toggle][et_pb_toggle title=&#8221;Painatus vinyylill\u00e4&#8221; open_toggle_text_color=&#8221;#000000&#8243; open_toggle_background_color=&#8221;RGBA(255,255,255,0)&#8221; closed_toggle_background_color=&#8221;RGBA(255,255,255,0)&#8221; icon_color=&#8221;#2AAA00&#8243; toggle_icon=&#8221;&#xf063;||fa||900&#8243; open_icon_color=&#8221;#2AAA00&#8243; open_toggle_icon=&#8221;&#xf062;||fa||900&#8243; _builder_version=&#8221;4.19.5&#8243; _module_preset=&#8221;default&#8221; title_text_color=&#8221;#000000&#8243; title_level=&#8221;h2&#8243; title_font=&#8221;||||||||&#8221; body_font=&#8221;Figtree||||||||&#8221; body_line_height=&#8221;1.8em&#8221; custom_margin=&#8221;||0px||false|false&#8221; custom_padding=&#8221;|0px||0px|false|true&#8221; body_font_size_tablet=&#8221;17px&#8221; body_font_size_phone=&#8221;16px&#8221; body_font_size_last_edited=&#8221;on|desktop&#8221; border_width_all=&#8221;0px&#8221; border_width_bottom=&#8221;2px&#8221; border_color_bottom=&#8221;rgba(0,0,0,0.1)&#8221; locked=&#8221;off&#8221; global_colors_info=&#8221;{}&#8221;]<\/p>\n<p>Yksinkertaisemmat grafiikat ja tekstit teemme vinyylist\u00e4 leikkaamalla, sopii hyvin esim nimi- ja numeromerkkauksiin. Painatuksen hinta on kilpailukykyinen kun on kyse pienest\u00e4 m\u00e4\u00e4r\u00e4st\u00e4. Vinyylipainatus on peitt\u00e4\u00e4v\u00e4 ja kest\u00e4v\u00e4. Painatus tehd\u00e4\u00e4n alusta loppuun Almandassa mik\u00e4 takaa lyhyen toimitusajan.<\/p>\n<p>[\/et_pb_toggle][et_pb_toggle title=&#8221;FX-siirtokuva&#8221; open_toggle_text_color=&#8221;#000000&#8243; open_toggle_background_color=&#8221;RGBA(255,255,255,0)&#8221; closed_toggle_background_color=&#8221;RGBA(255,255,255,0)&#8221; icon_color=&#8221;#2AAA00&#8243; toggle_icon=&#8221;&#xf063;||fa||900&#8243; open_icon_color=&#8221;#2AAA00&#8243; open_toggle_icon=&#8221;&#xf062;||fa||900&#8243; _builder_version=&#8221;4.19.5&#8243; _module_preset=&#8221;default&#8221; title_text_color=&#8221;#000000&#8243; title_level=&#8221;h2&#8243; title_font=&#8221;||||||||&#8221; body_font=&#8221;Figtree||||||||&#8221; body_line_height=&#8221;1.8em&#8221; custom_margin=&#8221;||0px||false|false&#8221; custom_padding=&#8221;|0px||0px|false|true&#8221; body_font_size_tablet=&#8221;17px&#8221; body_font_size_phone=&#8221;16px&#8221; body_font_size_last_edited=&#8221;on|desktop&#8221; border_width_all=&#8221;0px&#8221; border_width_bottom=&#8221;2px&#8221; border_color_bottom=&#8221;rgba(0,0,0,0.1)&#8221; locked=&#8221;off&#8221; global_colors_info=&#8221;{}&#8221;]<\/p>\n<p>FX-Siirtokuva on joustava,se sopeutuu hyvin erilaisiin materiaaleihin ja kest\u00e4\u00e4 hyvin k\u00e4ytt\u00f6\u00e4 ja pesua. Se on pehme\u00e4, taipuisa ja joustava. Siirtokuva kest\u00e4\u00e4 95\u00baC teollisuuspesun ja kuivauksen kuivausrummussa.<\/p>\n<p>FX siirtokuva on tilaustuote ja toimitusaika on noin 10 ty\u00f6p\u00e4iv\u00e4\u00e4. Painatus on edullinen kun tilataan isompia m\u00e4\u00e4ri\u00e4 alkaen 100 kpl. Meid\u00e4n FX-siirtokuvaasiakkaat tilaavat isompia m\u00e4\u00e4ria kerrallaan ja me varastoidaan siirtokuvat ilman erillist\u00e4 kulua. Kun siirtokuvat varastoidaan meill\u00e4 voimme nopeasti toimittaa vaate merkattuna. Nopeasti, edullisesti ja tyylik\u00e4\u00e4sti.<\/p>\n<p>[\/et_pb_toggle][et_pb_toggle title=&#8221;Messu- ja tapahtumatuotteet&#8221; open_toggle_text_color=&#8221;#000000&#8243; open_toggle_background_color=&#8221;RGBA(255,255,255,0)&#8221; closed_toggle_background_color=&#8221;RGBA(255,255,255,0)&#8221; icon_color=&#8221;#2AAA00&#8243; toggle_icon=&#8221;&#xf063;||fa||900&#8243; open_icon_color=&#8221;#2AAA00&#8243; open_toggle_icon=&#8221;&#xf062;||fa||900&#8243; _builder_version=&#8221;4.19.5&#8243; _module_preset=&#8221;default&#8221; title_text_color=&#8221;#000000&#8243; title_level=&#8221;h2&#8243; title_font=&#8221;||||||||&#8221; body_font=&#8221;Figtree||||||||&#8221; body_line_height=&#8221;1.8em&#8221; custom_margin=&#8221;||0px||false|false&#8221; custom_padding=&#8221;|0px||0px|false|true&#8221; body_font_size_tablet=&#8221;17px&#8221; body_font_size_phone=&#8221;16px&#8221; body_font_size_last_edited=&#8221;on|desktop&#8221; border_width_all=&#8221;0px&#8221; border_width_bottom=&#8221;2px&#8221; border_color_bottom=&#8221;rgba(0,0,0,0.1)&#8221; locked=&#8221;off&#8221; global_colors_info=&#8221;{}&#8221;]<\/p>\n<p><a href=\"https:\/\/www.newwaveprofile.fi\/jalleenmyyjat\/almanda.com\/select\" target=\"_blank\" rel=\"noopener\">Tilaa verkkokaupasta \u2192<\/a><\/p>\n<p>[\/et_pb_toggle][et_pb_toggle title=&#8221;Liikelahjat&#8221; open_toggle_text_color=&#8221;#000000&#8243; open_toggle_background_color=&#8221;RGBA(255,255,255,0)&#8221; closed_toggle_background_color=&#8221;RGBA(255,255,255,0)&#8221; icon_color=&#8221;#2AAA00&#8243; toggle_icon=&#8221;&#xf063;||fa||900&#8243; open_icon_color=&#8221;#2AAA00&#8243; open_toggle_icon=&#8221;&#xf062;||fa||900&#8243; _builder_version=&#8221;4.19.5&#8243; _module_preset=&#8221;default&#8221; title_text_color=&#8221;#000000&#8243; title_level=&#8221;h2&#8243; title_font=&#8221;||||||||&#8221; body_font=&#8221;Figtree||||||||&#8221; body_line_height=&#8221;1.8em&#8221; custom_margin=&#8221;||0px||false|false&#8221; custom_padding=&#8221;|0px||0px|false|true&#8221; body_font_size_tablet=&#8221;17px&#8221; body_font_size_phone=&#8221;16px&#8221; body_font_size_last_edited=&#8221;on|desktop&#8221; border_width_all=&#8221;0px&#8221; border_width_bottom=&#8221;2px&#8221; border_color_bottom=&#8221;rgba(0,0,0,0.1)&#8221; locked=&#8221;off&#8221; global_colors_info=&#8221;{}&#8221;]<\/p>\n<p><a href=\"https:\/\/www.newwaveprofile.fi\/jalleenmyyjat\/almanda.com\/select\" target=\"_blank\" rel=\"noopener\">Tilaa verkkokaupasta \u2192<\/a><\/p>\n<p>[\/et_pb_toggle][et_pb_toggle title=&#8221;Lahjakortti&#8221; open_toggle_text_color=&#8221;#000000&#8243; open_toggle_background_color=&#8221;RGBA(255,255,255,0)&#8221; closed_toggle_background_color=&#8221;RGBA(255,255,255,0)&#8221; icon_color=&#8221;#2AAA00&#8243; toggle_icon=&#8221;&#xf063;||fa||900&#8243; open_icon_color=&#8221;#2AAA00&#8243; open_toggle_icon=&#8221;&#xf062;||fa||900&#8243; _builder_version=&#8221;4.19.5&#8243; _module_preset=&#8221;default&#8221; title_text_color=&#8221;#000000&#8243; title_level=&#8221;h2&#8243; title_font=&#8221;||||||||&#8221; body_font=&#8221;Figtree||||||||&#8221; body_line_height=&#8221;1.8em&#8221; custom_margin=&#8221;||0px||false|false&#8221; custom_padding=&#8221;|0px||0px|false|true&#8221; body_font_size_tablet=&#8221;17px&#8221; body_font_size_phone=&#8221;16px&#8221; body_font_size_last_edited=&#8221;on|desktop&#8221; border_width_all=&#8221;0px&#8221; border_width_bottom=&#8221;2px&#8221; border_color_bottom=&#8221;rgba(0,0,0,0.1)&#8221; locked=&#8221;off&#8221; global_colors_info=&#8221;{}&#8221;]<\/p>\n<p><a href=\"https:\/\/www.newwaveprofile.fi\/jalleenmyyjat\/almanda.com\/select\" target=\"_blank\" rel=\"noopener\">Tilaa verkkokaupasta \u2192<\/a><\/p>\n<p>[\/et_pb_toggle][\/et_pb_column][et_pb_column type=&#8221;1_3&#8243; _builder_version=&#8221;4.19.1&#8243; _module_preset=&#8221;default&#8221; global_colors_info=&#8221;{}&#8221;][et_pb_blurb use_icon=&#8221;on&#8221; font_icon=&#8221;&#xf621;||fa||900&#8243; icon_color=&#8221;#2AAA00&#8243; image_icon_background_color=&#8221;rgba(0,0,0,0.05)&#8221; icon_placement=&#8221;left&#8221; image_icon_width=&#8221;14px&#8221; content_max_width=&#8221;100%&#8221; image_icon_width_tablet=&#8221;12px&#8221; image_icon_width_phone=&#8221;10px&#8221; image_icon_width_last_edited=&#8221;on|phone&#8221; module_class=&#8221;canvas-blurb-4&#8243; _builder_version=&#8221;4.19.5&#8243; _module_preset=&#8221;default&#8221; header_level=&#8221;h1&#8243; header_font=&#8221;Figtree|700||on|||||&#8221; header_font_size=&#8221;18px&#8221; header_letter_spacing=&#8221;0.05em&#8221; body_font=&#8221;||||||||&#8221; body_line_height=&#8221;1.8em&#8221; body_link_font=&#8221;||||||||&#8221; body_link_text_color=&#8221;#2AAA00&#8243; image_icon_custom_padding=&#8221;10px|10px|10px|10px|true|true&#8221; image_icon_custom_padding_tablet=&#8221;||||true|true&#8221; image_icon_custom_padding_phone=&#8221;||||true|true&#8221; image_icon_custom_padding_last_edited=&#8221;on|tablet&#8221; max_width=&#8221;500px&#8221; max_width_tablet=&#8221;500px&#8221; max_width_phone=&#8221;500px&#8221; max_width_last_edited=&#8221;on|desktop&#8221; module_alignment=&#8221;left&#8221; custom_margin_tablet=&#8221;||60px||false|false&#8221; custom_margin_phone=&#8221;||40px||false|false&#8221; custom_margin_last_edited=&#8221;on|phone&#8221; custom_padding_tablet=&#8221;&#8221; custom_padding_phone=&#8221;&#8221; custom_padding_last_edited=&#8221;on|tablet&#8221; animation=&#8221;off&#8221; header_font_size_tablet=&#8221;16px&#8221; header_font_size_phone=&#8221;14px&#8221; header_font_size_last_edited=&#8221;on|phone&#8221; body_font_size_tablet=&#8221;17px&#8221; body_font_size_phone=&#8221;16px&#8221; body_font_size_last_edited=&#8221;on|phone&#8221; module_alignment_tablet=&#8221;left&#8221; module_alignment_phone=&#8221;left&#8221; module_alignment_last_edited=&#8221;on|phone&#8221; custom_css_blurb_image=&#8221;transform:translateY(5px);&#8221; border_radii_image=&#8221;on|50px|50px|50px|50px&#8221; locked=&#8221;off&#8221; global_colors_info=&#8221;{}&#8221; text_font_size_tablet=&#8221;17px&#8221; text_font_size_phone=&#8221;16px&#8221; text_font_size_last_edited=&#8221;on|phone&#8221; header_2_font_size_tablet=&#8221;38px&#8221; header_2_font_size_phone=&#8221;32px&#8221; header_2_font_size_last_edited=&#8221;on|desktop&#8221; header_3_font_size_tablet=&#8221;28px&#8221; header_3_font_size_phone=&#8221;22px&#8221; header_3_font_size_last_edited=&#8221;on|desktop&#8221; header_4_font_size_tablet=&#8221;22px&#8221; header_4_font_size_phone=&#8221;20px&#8221; header_4_font_size_last_edited=&#8221;on|phone&#8221; header_5_font_size_tablet=&#8221;16px&#8221; header_5_font_size_phone=&#8221;14px&#8221; header_5_font_size_last_edited=&#8221;on|phone&#8221; header_6_font_size_tablet=&#8221;16px&#8221; header_6_font_size_phone=&#8221;15px&#8221; header_6_font_size_last_edited=&#8221;on|desktop&#8221; body_link_text_color__hover_enabled=&#8221;on|desktop&#8221; body_link_text_color__hover=&#8221;#363844&#8243;]<\/p>\n<p>Lue mit\u00e4 tulee huomioida tilausta tehdess\u00e4. <a href=\"https:\/\/almanda.fi\/tilaaminen\">Tilausohjeet\u2192<\/a><\/p>\n<p>[\/et_pb_blurb][et_pb_image src=&#8221;https:\/\/almanda.fi\/wp-content\/uploads\/2023\/02\/P7A8337-Pano-Edit-pysty.jpg&#8221; alt=&#8221;Kaj ja J\u00f6rgen almanda.comista.&#8221; title_text=&#8221;Kaj ja J\u00f6rgen &#8211; almanda.com&#8221; _builder_version=&#8221;4.21.0&#8243; _module_preset=&#8221;default&#8221; global_colors_info=&#8221;{}&#8221;][\/et_pb_image][et_pb_text _builder_version=&#8221;4.19.5&#8243; _module_preset=&#8221;default&#8221; text_line_height=&#8221;1.8em&#8221; global_colors_info=&#8221;{}&#8221;]<\/p>\n<p>Me almandassa autamme sinua luonnoksesta lopputuotteeseen. Ota yhteytt\u00e4 niin kerromme lis\u00e4\u00e4.<\/p>\n<p>[\/et_pb_text][et_pb_button button_url=&#8221;@ET-DC@eyJkeW5hbWljIjp0cnVlLCJjb250ZW50IjoicG9zdF9saW5rX3VybF9wYWdlIiwic2V0dGluZ3MiOnsicG9zdF9pZCI6IjY4NjUifX0=@&#8221; button_text=&#8221;Ota yhteytt\u00e4&#8221; _builder_version=&#8221;4.19.5&#8243; _dynamic_attributes=&#8221;button_url&#8221; _module_preset=&#8221;default&#8221; custom_button=&#8221;on&#8221; button_text_size=&#8221;14px&#8221; button_text_color=&#8221;#FFFFFF&#8221; button_bg_color=&#8221;#57b948&#8243; button_border_width=&#8221;6px&#8221; button_border_color=&#8221;#57b948&#8243; button_border_radius=&#8221;3px&#8221; button_letter_spacing=&#8221;1px&#8221; button_font=&#8221;|||on|||||&#8221; button_icon=&#8221;&#x24;||divi||400&#8243; global_colors_info=&#8221;{}&#8221;][\/et_pb_button][\/et_pb_column][\/et_pb_row][et_pb_row admin_label=&#8221;Canvas Custom CSS included&#8221; _builder_version=&#8221;4.19.1&#8243; _module_preset=&#8221;default&#8221; custom_margin=&#8221;0px||0px||false|false&#8221; custom_padding=&#8221;0px||0px||false|false&#8221; locked=&#8221;off&#8221; collapsed=&#8221;off&#8221; global_colors_info=&#8221;{}&#8221;][et_pb_column type=&#8221;4_4&#8243; _builder_version=&#8221;4.19.1&#8243; _module_preset=&#8221;default&#8221; global_colors_info=&#8221;{}&#8221;][et_pb_code admin_label=&#8221;Canvas CSS Code&#8221; _builder_version=&#8221;4.19.1&#8243; _module_preset=&#8221;default&#8221; global_colors_info=&#8221;{}&#8221;]<\/p>\n<style><!-- [et_pb_line_break_holder] -->\/* Canvas Text Module Styles (all Text modules) *\/<!-- [et_pb_line_break_holder] -->.canvas-text.et_pb_text .et_pb_text_inner a:not(:hover) {<!-- [et_pb_line_break_holder] -->  text-decoration-color: transparent;<!-- [et_pb_line_break_holder] -->}<!-- [et_pb_line_break_holder] --><!-- [et_pb_line_break_holder] -->.canvas-text.et_pb_text .et_pb_text_inner a {<!-- [et_pb_line_break_holder] -->  transition: all .3s ease-in-out;<!-- [et_pb_line_break_holder] -->  text-underline-offset: .2em;<!-- [et_pb_line_break_holder] -->}<!-- [et_pb_line_break_holder] --><\/style>\n<p><!-- [et_pb_line_break_holder] -->[\/et_pb_code][\/et_pb_column][\/et_pb_row][\/et_pb_section]<\/p>\n","protected":false},"excerpt":{"rendered":"<p>PalvelutMeilt\u00e4 saat profiili ja ty\u00f6vaatteet, yrityslahjat, mainostuotteet, messutuotteet ym. yrityksesi ilmeell\u00e4. Tutustu kattavaan valikoimaamme katalogeista, tutustu alla oleviin palveluihimme tai ota yhteytt\u00e4. Me autamme l\u00f6yt\u00e4m\u00e4\u00e4n sopivat tuotteet vahvistamaan br\u00e4ndi\u00e4si!Kauttamme voit tilata tuotteita jotka olet itse suunnitellut. L\u00f6yd\u00e4t valikoimastamme useammat tuotteet; lippikset, laukut, pinssit, solmioneulat jne., jos tuotetta ei l\u00f6ydy voimme valmistaa sen sinulle mallin mukaan. Erikoismuotoilu on halvin vaihtoehto kun tarvitaan iso m\u00e4\u00e4r\u00e4 tuotteita. Erikoismuotoilu ei ole vaikeaa eik\u00e4 kallista. Me Almandassa autamme sinua luonnoksesta lopputuotteeseen. Ota yhteytt\u00e4 niin kerromme lis\u00e4\u00e4.Kudottu merkki\/etiketti on monipuolinen ja tyylik\u00e4s tapa yksil\u00f6id\u00e4 erilaiset tekstiilituotteet. Merkill\u00e4 saadan esille my\u00f6s pienet yksityiskohdat logossa. Kudotut merkit tehd\u00e4\u00e4n miss\u00e4 muodossa tahansa ja itsekiinnittyv\u00e4ll\u00e4 takasivulla. Merkit ommellaan tai painetaan tuotteiseen. Valikoimassamme on my\u00f6s kudottu merkki itsekiinnittyv\u00e4ll\u00e4 takasivulla joka sopii my\u00f6s kovien tuotteiden, esim. posliini, metalli tai muovi, merkkaamiseen.Brodeeraus eli kirjailu tarkoittaa, ett\u00e4 brodeeraamme tekstin tai logonne suoraan vaatteeseen. Voimme my\u00f6s valmistaa brodeeratun merkin, joka ommellaan tai liimataan kiinni tuotteeseen. Brodeeraus on kest\u00e4v\u00e4 ja lopputulos on n\u00e4ytt\u00e4v\u00e4. Brodeeraus sopii erinomaisesti tekstiilien merkkaamiseen esim. fleece, lippikset, frotee y.m.Yksinkertaisemmat grafiikat ja tekstit teemme vinyylist\u00e4 leikkaamalla, sopii hyvin esim nimi- ja numeromerkkauksiin. Painatuksen hinta on kilpailukykyinen kun on kyse pienest\u00e4 m\u00e4\u00e4r\u00e4st\u00e4. Vinyylipainatus on peitt\u00e4\u00e4v\u00e4 ja kest\u00e4v\u00e4. Painatus tehd\u00e4\u00e4n alusta loppuun Almandassa mik\u00e4 takaa [&hellip;]<\/p>\n","protected":false},"author":1,"featured_media":0,"parent":0,"menu_order":0,"comment_status":"closed","ping_status":"closed","template":"","meta":{"_et_pb_use_builder":"on","_et_pb_old_content":"","_et_gb_content_width":"","footnotes":""},"class_list":["post-6933","page","type-page","status-publish","hentry"],"_links":{"self":[{"href":"https:\/\/almanda.fi\/sv\/wp-json\/wp\/v2\/pages\/6933","targetHints":{"allow":["GET"]}}],"collection":[{"href":"https:\/\/almanda.fi\/sv\/wp-json\/wp\/v2\/pages"}],"about":[{"href":"https:\/\/almanda.fi\/sv\/wp-json\/wp\/v2\/types\/page"}],"author":[{"embeddable":true,"href":"https:\/\/almanda.fi\/sv\/wp-json\/wp\/v2\/users\/1"}],"replies":[{"embeddable":true,"href":"https:\/\/almanda.fi\/sv\/wp-json\/wp\/v2\/comments?post=6933"}],"version-history":[{"count":28,"href":"https:\/\/almanda.fi\/sv\/wp-json\/wp\/v2\/pages\/6933\/revisions"}],"predecessor-version":[{"id":7333,"href":"https:\/\/almanda.fi\/sv\/wp-json\/wp\/v2\/pages\/6933\/revisions\/7333"}],"wp:attachment":[{"href":"https:\/\/almanda.fi\/sv\/wp-json\/wp\/v2\/media?parent=6933"}],"curies":[{"name":"wp","href":"https:\/\/api.w.org\/{rel}","templated":true}]}}