{"id":3,"date":"2023-02-13T11:39:53","date_gmt":"2023-02-13T09:39:53","guid":{"rendered":"https:\/\/almanda.fi\/?page_id=3"},"modified":"2023-03-23T15:38:28","modified_gmt":"2023-03-23T13:38:28","slug":"tietosuoja","status":"publish","type":"page","link":"https:\/\/almanda.fi\/sv\/tietosuoja\/","title":{"rendered":"Tietosuoja"},"content":{"rendered":"<p>[et_pb_section fb_built=&#8221;1&#8243; admin_label=&#8221;section&#8221; _builder_version=&#8221;4.16&#8243; global_colors_info=&#8221;{}&#8221;][et_pb_row admin_label=&#8221;row&#8221; _builder_version=&#8221;4.16&#8243; background_size=&#8221;initial&#8221; background_position=&#8221;top_left&#8221; background_repeat=&#8221;repeat&#8221; global_colors_info=&#8221;{}&#8221;][et_pb_column type=&#8221;4_4&#8243; _builder_version=&#8221;4.16&#8243; custom_padding=&#8221;|||&#8221; global_colors_info=&#8221;{}&#8221; custom_padding__hover=&#8221;|||&#8221;][et_pb_text _builder_version=&#8221;4.19.5&#8243; _module_preset=&#8221;default&#8221; global_colors_info=&#8221;{}&#8221;]<\/p>\n<h1>almanda.com (Oy J\u00f6rgen &amp; Kaj Ab) rekisteri- ja tietosuojaseloste<\/h1>\n<p>EU:n yleisen tietosuoja-asetuksen (GDPR) mukainen rekisteri- ja tietosuojaseloste. Viimeisin muutos 10.3.2023.<\/p>\n<h2>1 Rekisterinpit\u00e4j\u00e4<\/h2>\n<p>Rekisterin rekisterinpit\u00e4j\u00e4 on Oy J\u00f6rgen &amp; Kaj Oy (y-tunnus 2591053-7)<\/p>\n<p>Rekisteriasioiden yhteyshenkil\u00f6 on: J\u00f6rgen Str\u00f6msund<\/p>\n<p>Oy J\u00f6rgen &amp; Kaj Ab<\/p>\n<p>Osoite: Opistokatu 5, 65100 Vaasa<\/p>\n<p>Puhelin: +358 40 7325 235<\/p>\n<p>S\u00e4hk\u00f6posti: <a href=\"mailto:info@almanda.com\">info@almanda.com<\/a><\/p>\n<h2>2 Rekisterin nimi<\/h2>\n<p>Rekisterin nimi on almanda.com yhteys- ja asiakasrekisteri.<\/p>\n<h2>3 Henkil\u00f6tietojen k\u00e4sittelyn tarkoitus<\/h2>\n<p>Henkil\u00f6tietoja k\u00e4sitell\u00e4\u00e4n tarkoituksissa, jotka liittyv\u00e4t asiakassuhteen hoitamiseen, hallinnointiin ja kehitt\u00e4miseen, palvelujen tarjoamiseen ja toimittamiseen sek\u00e4 palvelujen kehitt\u00e4miseen ja laskutukseen liittyen. Henkil\u00f6tietoja k\u00e4sitell\u00e4\u00e4n my\u00f6s mahdollisten reklamaatioiden ja muiden vaatimusten selvitt\u00e4misen edellytt\u00e4miss\u00e4 tarkoituksissa.<\/p>\n<p>Lis\u00e4ksi henkil\u00f6tietoja k\u00e4sitell\u00e4\u00e4n asiakkaille suunnatussa viestinn\u00e4ss\u00e4 kuten tiedotus- ja uutisointitarkoituksissa sek\u00e4 markkinoinnissa, jonka osana henkil\u00f6tietoja k\u00e4sitell\u00e4\u00e4n my\u00f6s suoramarkkinointiin ja s\u00e4hk\u00f6iseen suoramarkkinointiin liittyviss\u00e4 tarkoituksissa.<\/p>\n<p>Asiakkaalla on oikeus kielt\u00e4\u00e4 h\u00e4nelle kohdistettu suoramarkkinointi.<\/p>\n<h2>4 K\u00e4sittelyn oikeusperusteet<\/h2>\n<p>Henkil\u00f6tietojen k\u00e4sittelyn oikeusperusteita ovat seuraavat EU:n yleisen tietosuoja-asetuksen (j\u00e4ljemp\u00e4n\u00e4 my\u00f6s \u201dGDPR\u201d) mukaiset perusteet:<\/p>\n<p>rekister\u00f6ity on antanut suostumuksensa henkil\u00f6tietojensa k\u00e4sittelyyn yht\u00e4 tai useampaa erityist\u00e4 tarkoitusta varten (GDPR 6 art. 1.a);<br \/>k\u00e4sittely on tarpeen sellaisen sopimuksen t\u00e4yt\u00e4nt\u00f6\u00f6n panemiseksi, jossa rekister\u00f6ity on osapuolena, tai sopimuksen tekemist\u00e4 edelt\u00e4vien toimenpiteiden toteuttamiseksi rekister\u00f6idyn pyynn\u00f6st\u00e4 (GDPR 6 art. 1.b);<br \/>k\u00e4sittely on tarpeen rekisterinpit\u00e4j\u00e4n tai kolmannen osapuolen oikeutettujen etujen toteuttamiseksi (GDPR 6 art. 1.f).<\/p>\n<p>Edell\u00e4 mainittu rekisterinpit\u00e4j\u00e4n oikeutettu etu perustuu rekister\u00f6idyn henkil\u00f6n ja rekisterinpit\u00e4j\u00e4n v\u00e4lill\u00e4 olevaan merkitykselliseen ja asianmukaiseen suhteeseen, joka on seurausta siit\u00e4, ett\u00e4 rekister\u00f6ity on rekisterinpit\u00e4j\u00e4n asiakas tai yhteisty\u00f6kumppani, ja kun k\u00e4sittely tapahtuu tarkoituksiin, joita rekister\u00f6ity on kohtuudella voinut odottaa henkil\u00f6tietojen ker\u00e4\u00e4misen ajankohtana ja asianmukaisen suhteen yhteydess\u00e4.<\/p>\n<h2>5 Rekisterin tietosis\u00e4lt\u00f6 (k\u00e4sitelt\u00e4v\u00e4t henkil\u00f6tietoryhm\u00e4t)<\/h2>\n<p>Rekisteri sis\u00e4lt\u00e4\u00e4 seuraavat henkil\u00f6tiedot l\u00e4ht\u00f6kohtaisesti kaikista rekister\u00f6idyist\u00e4 henkil\u00f6ist\u00e4:<\/p>\n<p>henkil\u00f6n perustiedot ja yhteystiedot: [etunimi, sukunimi, osoite, puhelinnumero, s\u00e4hk\u00f6postiosoite];<br \/>henkil\u00f6n yritykseen tai muuhun organisaatioon liittyv\u00e4t tiedot ja henkil\u00f6n asema tai teht\u00e4v\u00e4nimike ko. yrityksess\u00e4 tai organisaatiossa;<br \/>henkil\u00f6n suoramarkkinointiluvat ja -kiellot.<\/p>\n<h2>6 S\u00e4\u00e4nn\u00f6nmukaiset tietol\u00e4hteet<\/h2>\n<p>Henkil\u00f6tietoja ker\u00e4t\u00e4\u00e4n rekister\u00f6idylt\u00e4 henkil\u00f6lt\u00e4 itselt\u00e4\u00e4n.<\/p>\n<p>Henkil\u00f6tietoja ker\u00e4t\u00e4\u00e4n ja p\u00e4ivitet\u00e4\u00e4n my\u00f6s sovellettavan lains\u00e4\u00e4d\u00e4nn\u00f6n rajoissa yleisesti saatavilla olevista l\u00e4hteist\u00e4, jotka liittyv\u00e4t rekisterinpit\u00e4j\u00e4n ja rekister\u00f6idyn henkil\u00f6n v\u00e4lisen asiakassuhteen toteuttamiseen ja joiden avulla rekisterinpit\u00e4j\u00e4 toteuttaa asiakassuhteiden yll\u00e4pit\u00e4miseen liittyvi\u00e4 velvollisuuksiaan.<\/p>\n<h2>7 Henkil\u00f6tietojen s\u00e4ilytysaika<\/h2>\n<p>Rekisteriin ker\u00e4ttyj\u00e4 tietoja s\u00e4ilytet\u00e4\u00e4n ainoastaan niin kauan ja siin\u00e4 laajuudessa kuin on tarpeellista suhteessa niihin alkuper\u00e4isiin tai yhteensopiviin tarkoituksiin, joihin henkil\u00f6tiedot on ker\u00e4tty.<\/p>\n<p>Henkil\u00f6tietojen s\u00e4ilytt\u00e4misen tarvetta arvioidaan vuosittain, ja joka tapauksessa rekister\u00f6ity\u00e4 henkil\u00f6\u00e4 koskevat tiedot poistetaan rekisterist\u00e4 rekister\u00f6idyn pyynn\u00f6st\u00e4. Kirjanpitotositteita s\u00e4ilytet\u00e4\u00e4n viisi vuotta tilikauden p\u00e4\u00e4ttymisest\u00e4.<\/p>\n<p>Rekisterinpit\u00e4j\u00e4 arvioi tietojen s\u00e4ilytt\u00e4misen tarpeellisuutta s\u00e4\u00e4nn\u00f6llisesti sis\u00e4isten k\u00e4yt\u00e4nnes\u00e4\u00e4nt\u00f6jens\u00e4 mukaisesti. Lis\u00e4ksi rekisterinpit\u00e4j\u00e4 toteuttaa kaikki mahdolliset kohtuulliset toimenpiteet sen varmistamiseksi, ett\u00e4 k\u00e4sittelyn tarkoituksiin n\u00e4hden ep\u00e4tarkat, virheelliset tai vanhentuneet henkil\u00f6tiedot poistetaan tai oikaistaan viipym\u00e4tt\u00e4.<\/p>\n<h2>8 Henkil\u00f6tietojen vastaanottajat (vastaanottajaryhm\u00e4t) sek\u00e4 tietojen s\u00e4\u00e4nn\u00f6nmukaiset luovutukset<\/h2>\n<p>Henkil\u00f6tietoja ei luovuteta ulkopuolisille tahoille.<\/p>\n<h2>9 Tietojen siirto EU:n tai ETA:n ulkopuolelle<\/h2>\n<p>Rekisteriin sis\u00e4ltyvi\u00e4 henkil\u00f6tietoja ei siirret\u00e4 EU:n tai ETA:n ulkopuolelle.<\/p>\n<h2>10 Rekisterin suojauksen periaatteet<\/h2>\n<p>Henkil\u00f6tietoja sis\u00e4lt\u00e4vi\u00e4 aineistoja s\u00e4ilytet\u00e4\u00e4n lukituissa tiloissa, joihin on p\u00e4\u00e4sy ainoastaan nimetyill\u00e4 ja teht\u00e4viens\u00e4 vuoksi p\u00e4\u00e4syyn valtuutetuilla henkil\u00f6ill\u00e4.<\/p>\n<p>Henkil\u00f6tietoja sis\u00e4lt\u00e4v\u00e4 tietokanta on palvelimella, jota s\u00e4ilytet\u00e4\u00e4n lukitussa tilassa, johon on p\u00e4\u00e4sy ainoastaan nimetyill\u00e4 ja teht\u00e4viens\u00e4 vuoksi p\u00e4\u00e4syyn valtuutetuilla henkil\u00f6ill\u00e4. Palvelin on suojattu asianmukaisella palomuurilla ja teknisell\u00e4 suojauksella.<\/p>\n<p>Tietokantoihin ja j\u00e4rjestelmiin on p\u00e4\u00e4sy vain erikseen my\u00f6nnett\u00e4vill\u00e4 henkil\u00f6kohtaisilla k\u00e4ytt\u00e4j\u00e4tunnuksilla ja salasanoilla. Rekisterinpit\u00e4j\u00e4 on rajannut k\u00e4ytt\u00f6oikeudet ja -valtuudet tietoj\u00e4rjestelmiin ja muihin tallennusalustoihin siten, ett\u00e4 tietoja p\u00e4\u00e4sev\u00e4t tarkastelemaan ja k\u00e4sittelem\u00e4\u00e4n ainoastaan niiden lainmukaisen k\u00e4sittelyn kannalta tarpeelliset henkil\u00f6t. Lis\u00e4ksi tietokantojen ja j\u00e4rjestelmien k\u00e4ytt\u00f6tapahtumat rekister\u00f6ityv\u00e4t rekisterinpit\u00e4j\u00e4n IT-j\u00e4rjestelm\u00e4n lokitietoihin.<\/p>\n<p>Rekisterinpit\u00e4j\u00e4n ty\u00f6ntekij\u00e4t ja muut henkil\u00f6t ovat sitoutuneet noudattamaan vaitiolovelvollisuutta ja pit\u00e4m\u00e4\u00e4n salassa henkil\u00f6tietojen k\u00e4sittelyn yhteydess\u00e4 saamansa tiedot.<\/p>\n<h2>11 Tarkastusoikeus ja oikeus vaatia tiedon korjaamista sek\u00e4 poistamista<\/h2>\n<p>Jokaisella rekisteriss\u00e4 olevalla henkil\u00f6ll\u00e4 on oikeus tarkistaa rekisteriin tallennetut tietonsa ja vaatia mahdollisen virheellisen tiedon korjaamista tai puutteellisen tiedon t\u00e4ydent\u00e4mist\u00e4. Mik\u00e4li henkil\u00f6 haluaa tarkistaa h\u00e4nest\u00e4 tallennetut tiedot tai vaatia niihin oikaisua, pyynt\u00f6 tulee l\u00e4hett\u00e4\u00e4 kirjallisesti rekisterinpit\u00e4j\u00e4lle. Rekisterinpit\u00e4j\u00e4 voi pyyt\u00e4\u00e4 tarvittaessa pyynn\u00f6n esitt\u00e4j\u00e4\u00e4 todistamaan henkil\u00f6llisyytens\u00e4. Rekisterinpit\u00e4j\u00e4 vastaa asiakkaalle EU:n tietosuoja-asetuksessa s\u00e4\u00e4detyss\u00e4 ajassa (p\u00e4\u00e4s\u00e4\u00e4nt\u00f6isesti kuukauden kuluessa).<\/p>\n<p>Rekisteriss\u00e4 olevalla henkil\u00f6ll\u00e4 on oikeus pyyt\u00e4\u00e4 h\u00e4nt\u00e4 koskevien henkil\u00f6tietojen poistamiseen rekisterist\u00e4 (\u201doikeus tulla unohdetuksi\u201d). Niin ik\u00e4\u00e4n rekister\u00f6idyill\u00e4 on muut EU:n yleisen tietosuoja-asetuksen mukaiset oikeudet kuten henkil\u00f6tietojen k\u00e4sittelyn rajoittaminen tietyiss\u00e4 tilanteissa. Pyynn\u00f6t tulee l\u00e4hett\u00e4\u00e4 kirjallisesti rekisterinpit\u00e4j\u00e4lle. Rekisterinpit\u00e4j\u00e4 voi pyyt\u00e4\u00e4 tarvittaessa pyynn\u00f6n esitt\u00e4j\u00e4\u00e4 todistamaan henkil\u00f6llisyytens\u00e4. Rekisterinpit\u00e4j\u00e4 vastaa asiakkaalle EU:n tietosuoja-asetuksessa s\u00e4\u00e4detyss\u00e4 ajassa (p\u00e4\u00e4s\u00e4\u00e4nt\u00f6isesti kuukauden kuluessa).<\/p>\n<p>[\/et_pb_text][\/et_pb_column][\/et_pb_row][\/et_pb_section]<\/p>\n","protected":false},"excerpt":{"rendered":"<p>almanda.com (Oy J\u00f6rgen &amp; Kaj Ab) rekisteri- ja tietosuojaseloste EU:n yleisen tietosuoja-asetuksen (GDPR) mukainen rekisteri- ja tietosuojaseloste. Viimeisin muutos 10.3.2023. 1 Rekisterinpit\u00e4j\u00e4 Rekisterin rekisterinpit\u00e4j\u00e4 on Oy J\u00f6rgen &amp; Kaj Oy (y-tunnus 2591053-7) Rekisteriasioiden yhteyshenkil\u00f6 on: J\u00f6rgen Str\u00f6msund Oy J\u00f6rgen &amp; Kaj Ab Osoite: Opistokatu 5, 65100 Vaasa Puhelin: +358 40 7325 235 S\u00e4hk\u00f6posti: info@almanda.com 2 Rekisterin nimi Rekisterin nimi on almanda.com yhteys- ja asiakasrekisteri. 3 Henkil\u00f6tietojen k\u00e4sittelyn tarkoitus Henkil\u00f6tietoja k\u00e4sitell\u00e4\u00e4n tarkoituksissa, jotka liittyv\u00e4t asiakassuhteen hoitamiseen, hallinnointiin ja kehitt\u00e4miseen, palvelujen tarjoamiseen ja toimittamiseen sek\u00e4 palvelujen kehitt\u00e4miseen ja laskutukseen liittyen. Henkil\u00f6tietoja k\u00e4sitell\u00e4\u00e4n my\u00f6s mahdollisten reklamaatioiden ja muiden vaatimusten selvitt\u00e4misen edellytt\u00e4miss\u00e4 tarkoituksissa. Lis\u00e4ksi henkil\u00f6tietoja k\u00e4sitell\u00e4\u00e4n asiakkaille suunnatussa viestinn\u00e4ss\u00e4 kuten tiedotus- ja uutisointitarkoituksissa sek\u00e4 markkinoinnissa, jonka osana henkil\u00f6tietoja k\u00e4sitell\u00e4\u00e4n my\u00f6s suoramarkkinointiin ja s\u00e4hk\u00f6iseen suoramarkkinointiin liittyviss\u00e4 tarkoituksissa. Asiakkaalla on oikeus kielt\u00e4\u00e4 h\u00e4nelle kohdistettu suoramarkkinointi. 4 K\u00e4sittelyn oikeusperusteet Henkil\u00f6tietojen k\u00e4sittelyn oikeusperusteita ovat seuraavat EU:n yleisen tietosuoja-asetuksen (j\u00e4ljemp\u00e4n\u00e4 my\u00f6s \u201dGDPR\u201d) mukaiset perusteet: rekister\u00f6ity on antanut suostumuksensa henkil\u00f6tietojensa k\u00e4sittelyyn yht\u00e4 tai useampaa erityist\u00e4 tarkoitusta varten (GDPR 6 art. 1.a);k\u00e4sittely on tarpeen sellaisen sopimuksen t\u00e4yt\u00e4nt\u00f6\u00f6n panemiseksi, jossa rekister\u00f6ity on osapuolena, tai sopimuksen tekemist\u00e4 edelt\u00e4vien toimenpiteiden toteuttamiseksi rekister\u00f6idyn pyynn\u00f6st\u00e4 (GDPR 6 art. 1.b);k\u00e4sittely on tarpeen rekisterinpit\u00e4j\u00e4n tai kolmannen osapuolen oikeutettujen etujen toteuttamiseksi (GDPR 6 art. 1.f). Edell\u00e4 mainittu rekisterinpit\u00e4j\u00e4n oikeutettu [&hellip;]<\/p>\n","protected":false},"author":1,"featured_media":0,"parent":0,"menu_order":0,"comment_status":"closed","ping_status":"closed","template":"","meta":{"_et_pb_use_builder":"on","_et_pb_old_content":"<!-- wp:heading --><h2>Who we are<\/h2><!-- \/wp:heading --><!-- wp:paragraph --><p><strong class=\"privacy-policy-tutorial\">Suggested text: <\/strong>Our website address is: https:\/\/almanda.fi.<\/p><!-- \/wp:paragraph --><!-- wp:heading --><h2>Comments<\/h2><!-- \/wp:heading --><!-- wp:paragraph --><p><strong class=\"privacy-policy-tutorial\">Suggested text: <\/strong>When visitors leave comments on the site we collect the data shown in the comments form, and also the visitor&#8217;s IP address and browser user agent string to help spam detection.<\/p><!-- \/wp:paragraph --><!-- wp:paragraph --><p>An anonymized string created from your email address (also called a hash) may be provided to the Gravatar service to see if you are using it. The Gravatar service privacy policy is available here: https:\/\/automattic.com\/privacy\/. After approval of your comment, your profile picture is visible to the public in the context of your comment.<\/p><!-- \/wp:paragraph --><!-- wp:heading --><h2>Media<\/h2><!-- \/wp:heading --><!-- wp:paragraph --><p><strong class=\"privacy-policy-tutorial\">Suggested text: <\/strong>If you upload images to the website, you should avoid uploading images with embedded location data (EXIF GPS) included. Visitors to the website can download and extract any location data from images on the website.<\/p><!-- \/wp:paragraph --><!-- wp:heading --><h2>Cookies<\/h2><!-- \/wp:heading --><!-- wp:paragraph --><p><strong class=\"privacy-policy-tutorial\">Suggested text: <\/strong>If you leave a comment on our site you may opt-in to saving your name, email address and website in cookies. These are for your convenience so that you do not have to fill in your details again when you leave another comment. These cookies will last for one year.<\/p><!-- \/wp:paragraph --><!-- wp:paragraph --><p>If you visit our login page, we will set a temporary cookie to determine if your browser accepts cookies. This cookie contains no personal data and is discarded when you close your browser.<\/p><!-- \/wp:paragraph --><!-- wp:paragraph --><p>When you log in, we will also set up several cookies to save your login information and your screen display choices. Login cookies last for two days, and screen options cookies last for a year. If you select &quot;Remember Me&quot;, your login will persist for two weeks. If you log out of your account, the login cookies will be removed.<\/p><!-- \/wp:paragraph --><!-- wp:paragraph --><p>If you edit or publish an article, an additional cookie will be saved in your browser. This cookie includes no personal data and simply indicates the post ID of the article you just edited. It expires after 1 day.<\/p><!-- \/wp:paragraph --><!-- wp:heading --><h2>Embedded content from other websites<\/h2><!-- \/wp:heading --><!-- wp:paragraph --><p><strong class=\"privacy-policy-tutorial\">Suggested text: <\/strong>Articles on this site may include embedded content (e.g. videos, images, articles, etc.). Embedded content from other websites behaves in the exact same way as if the visitor has visited the other website.<\/p><!-- \/wp:paragraph --><!-- wp:paragraph --><p>These websites may collect data about you, use cookies, embed additional third-party tracking, and monitor your interaction with that embedded content, including tracking your interaction with the embedded content if you have an account and are logged in to that website.<\/p><!-- \/wp:paragraph --><!-- wp:heading --><h2>Who we share your data with<\/h2><!-- \/wp:heading --><!-- wp:paragraph --><p><strong class=\"privacy-policy-tutorial\">Suggested text: <\/strong>If you request a password reset, your IP address will be included in the reset email.<\/p><!-- \/wp:paragraph --><!-- wp:heading --><h2>How long we retain your data<\/h2><!-- \/wp:heading --><!-- wp:paragraph --><p><strong class=\"privacy-policy-tutorial\">Suggested text: <\/strong>If you leave a comment, the comment and its metadata are retained indefinitely. This is so we can recognize and approve any follow-up comments automatically instead of holding them in a moderation queue.<\/p><!-- \/wp:paragraph --><!-- wp:paragraph --><p>For users that register on our website (if any), we also store the personal information they provide in their user profile. All users can see, edit, or delete their personal information at any time (except they cannot change their username). Website administrators can also see and edit that information.<\/p><!-- \/wp:paragraph --><!-- wp:heading --><h2>What rights you have over your data<\/h2><!-- \/wp:heading --><!-- wp:paragraph --><p><strong class=\"privacy-policy-tutorial\">Suggested text: <\/strong>If you have an account on this site, or have left comments, you can request to receive an exported file of the personal data we hold about you, including any data you have provided to us. You can also request that we erase any personal data we hold about you. This does not include any data we are obliged to keep for administrative, legal, or security purposes.<\/p><!-- \/wp:paragraph --><!-- wp:heading --><h2>Where your data is sent<\/h2><!-- \/wp:heading --><!-- wp:paragraph --><p><strong class=\"privacy-policy-tutorial\">Suggested text: <\/strong>Visitor comments may be checked through an automated spam detection service.<\/p><!-- \/wp:paragraph -->","_et_gb_content_width":"","footnotes":""},"class_list":["post-3","page","type-page","status-publish","hentry"],"_links":{"self":[{"href":"https:\/\/almanda.fi\/sv\/wp-json\/wp\/v2\/pages\/3","targetHints":{"allow":["GET"]}}],"collection":[{"href":"https:\/\/almanda.fi\/sv\/wp-json\/wp\/v2\/pages"}],"about":[{"href":"https:\/\/almanda.fi\/sv\/wp-json\/wp\/v2\/types\/page"}],"author":[{"embeddable":true,"href":"https:\/\/almanda.fi\/sv\/wp-json\/wp\/v2\/users\/1"}],"replies":[{"embeddable":true,"href":"https:\/\/almanda.fi\/sv\/wp-json\/wp\/v2\/comments?post=3"}],"version-history":[{"count":4,"href":"https:\/\/almanda.fi\/sv\/wp-json\/wp\/v2\/pages\/3\/revisions"}],"predecessor-version":[{"id":7225,"href":"https:\/\/almanda.fi\/sv\/wp-json\/wp\/v2\/pages\/3\/revisions\/7225"}],"wp:attachment":[{"href":"https:\/\/almanda.fi\/sv\/wp-json\/wp\/v2\/media?parent=3"}],"curies":[{"name":"wp","href":"https:\/\/api.w.org\/{rel}","templated":true}]}}